{"id":2046,"date":"2023-05-24T07:31:34","date_gmt":"2023-05-24T07:31:34","guid":{"rendered":"https:\/\/nodearquitectura.cat\/projectes\/"},"modified":"2026-03-17T07:08:38","modified_gmt":"2026-03-17T07:08:38","slug":"proyectos","status":"publish","type":"page","link":"https:\/\/nodearquitectura.cat\/es\/","title":{"rendered":"Proyectos"},"content":{"rendered":"\t\t<div data-elementor-type=\"wp-page\" data-elementor-id=\"2046\" class=\"elementor elementor-2046 elementor-10\" data-elementor-settings=\"{&quot;scroll_snap&quot;:&quot;yes&quot;}\">\n\t\t\t\t\t\t<section class=\"elementor-section elementor-top-section elementor-element elementor-element-d50be18 elementor-section-full_width elementor-section-height-full elementor-section-items-stretch elementor-section-height-default\" data-id=\"d50be18\" data-element_type=\"section\">\n\t\t\t\t\t\t<div class=\"elementor-container elementor-column-gap-no\">\n\t\t\t\t\t<div class=\"elementor-column elementor-col-50 elementor-top-column elementor-element elementor-element-7ad4bcb columna-esquerra\" data-id=\"7ad4bcb\" data-element_type=\"column\">\n\t\t\t<div class=\"elementor-widget-wrap elementor-element-populated\">\n\t\t\t\t\t\t<div class=\"elementor-element elementor-element-2e491b5 logo-1440 elementor-hidden-tablet elementor-hidden-mobile_extra elementor-hidden-mobile elementor-widget elementor-widget-image\" data-id=\"2e491b5\" data-element_type=\"widget\" data-widget_type=\"image.default\">\n\t\t\t\t<div class=\"elementor-widget-container\">\n\t\t\t<style>\/*! elementor - v3.21.0 - 08-05-2024 *\/\n.elementor-widget-image{text-align:center}.elementor-widget-image a{display:inline-block}.elementor-widget-image a img[src$=\".svg\"]{width:48px}.elementor-widget-image img{vertical-align:middle;display:inline-block}<\/style>\t\t\t\t\t\t\t\t\t\t\t<a href=\"\/es\/\">\n\t\t\t\t\t\t\t<img fetchpriority=\"high\" decoding=\"async\" width=\"1008\" height=\"586\" src=\"https:\/\/nodearquitectura.cat\/wp-content\/uploads\/2023\/06\/LOGO-NODE-principal.png\" class=\"attachment-full size-full wp-image-707\" alt=\"\" srcset=\"https:\/\/nodearquitectura.cat\/wp-content\/uploads\/2023\/06\/LOGO-NODE-principal.png 1008w, https:\/\/nodearquitectura.cat\/wp-content\/uploads\/2023\/06\/LOGO-NODE-principal-300x174.png 300w, https:\/\/nodearquitectura.cat\/wp-content\/uploads\/2023\/06\/LOGO-NODE-principal-768x446.png 768w\" sizes=\"(max-width: 1008px) 100vw, 1008px\" \/>\t\t\t\t\t\t\t\t<\/a>\n\t\t\t\t\t\t\t\t\t\t\t\t\t<\/div>\n\t\t\t\t<\/div>\n\t\t\t\t<div class=\"elementor-element elementor-element-4e4f39c elementor-absolute elementor-hidden-desktop elementor-hidden-tablet_extra elementor-widget elementor-widget-image\" data-id=\"4e4f39c\" data-element_type=\"widget\" data-settings=\"{&quot;_position&quot;:&quot;absolute&quot;}\" data-widget_type=\"image.default\">\n\t\t\t\t<div class=\"elementor-widget-container\">\n\t\t\t\t\t\t\t\t\t\t\t\t\t\t<a href=\"\/es\/\">\n\t\t\t\t\t\t\t<img decoding=\"async\" width=\"79\" height=\"252\" src=\"https:\/\/nodearquitectura.cat\/wp-content\/uploads\/2023\/06\/logo-vertical.png\" class=\"attachment-full size-full wp-image-1602\" alt=\"\" \/>\t\t\t\t\t\t\t\t<\/a>\n\t\t\t\t\t\t\t\t\t\t\t\t\t<\/div>\n\t\t\t\t<\/div>\n\t\t\t\t\t<\/div>\n\t\t<\/div>\n\t\t\t\t<div class=\"elementor-column elementor-col-50 elementor-top-column elementor-element elementor-element-582a5ad columna-dreta portada-inici\" data-id=\"582a5ad\" data-element_type=\"column\" data-settings=\"{&quot;background_background&quot;:&quot;classic&quot;}\">\n\t\t\t<div class=\"elementor-widget-wrap elementor-element-populated\">\n\t\t\t\t\t\t<div class=\"elementor-element elementor-element-530d7a8 tipo paraula-projectes elementor-widget elementor-widget-heading\" data-id=\"530d7a8\" data-element_type=\"widget\" data-widget_type=\"heading.default\">\n\t\t\t\t<div class=\"elementor-widget-container\">\n\t\t\t<style>\/*! elementor - v3.21.0 - 08-05-2024 *\/\n.elementor-heading-title{padding:0;margin:0;line-height:1}.elementor-widget-heading .elementor-heading-title[class*=elementor-size-]>a{color:inherit;font-size:inherit;line-height:inherit}.elementor-widget-heading .elementor-heading-title.elementor-size-small{font-size:15px}.elementor-widget-heading .elementor-heading-title.elementor-size-medium{font-size:19px}.elementor-widget-heading .elementor-heading-title.elementor-size-large{font-size:29px}.elementor-widget-heading .elementor-heading-title.elementor-size-xl{font-size:39px}.elementor-widget-heading .elementor-heading-title.elementor-size-xxl{font-size:59px}<\/style><h2 class=\"elementor-heading-title elementor-size-default\"><a href=\"#projectes\">PROYECTOS<\/a><\/h2>\t\t<\/div>\n\t\t\t\t<\/div>\n\t\t\t\t<div class=\"elementor-element elementor-element-26a7fa1 elementor-hidden-tablet elementor-hidden-mobile_extra elementor-hidden-mobile fletxa-projectes elementor-widget elementor-widget-image\" data-id=\"26a7fa1\" data-element_type=\"widget\" data-widget_type=\"image.default\">\n\t\t\t\t<div class=\"elementor-widget-container\">\n\t\t\t\t\t\t\t\t\t\t\t\t\t\t<a href=\"#projectes\">\n\t\t\t\t\t\t\t<img decoding=\"async\" width=\"11\" height=\"64\" src=\"https:\/\/nodearquitectura.cat\/wp-content\/uploads\/2023\/06\/fletxa.webp\" class=\"attachment-full size-full wp-image-106\" alt=\"\" \/>\t\t\t\t\t\t\t\t<\/a>\n\t\t\t\t\t\t\t\t\t\t\t\t\t<\/div>\n\t\t\t\t<\/div>\n\t\t\t\t\t<\/div>\n\t\t<\/div>\n\t\t\t\t\t<\/div>\n\t\t<\/section>\n\t\t\t\t<section class=\"elementor-section elementor-top-section elementor-element elementor-element-593543c elementor-section-height-full elementor-section-content-middle elementor-section-boxed elementor-section-height-default elementor-section-items-middle\" data-id=\"593543c\" data-element_type=\"section\">\n\t\t\t\t\t\t<div class=\"elementor-container elementor-column-gap-default\">\n\t\t\t\t\t<div class=\"elementor-column elementor-col-50 elementor-top-column elementor-element elementor-element-32325b8 home-container\" data-id=\"32325b8\" data-element_type=\"column\">\n\t\t\t<div class=\"elementor-widget-wrap elementor-element-populated\">\n\t\t\t\t\t\t<div class=\"elementor-element elementor-element-fedf9ad elementor-widget elementor-widget-html\" data-id=\"fedf9ad\" data-element_type=\"widget\" data-widget_type=\"html.default\">\n\t\t\t\t<div class=\"elementor-widget-container\">\n\t\t\t<div class=\"image-container custom-cursor\">\n  <a href=\"\/es\/proyectos\/casa-portal\/\"><img decoding=\"async\" src=\"\/wp-content\/uploads\/2026\/03\/23022026-_DSC5788-scaled.jpg\" alt=\"Sadurn\u00ed\" class=\"hover-image\">\n  <span class=\"name-overlay\">Casa Portal<\/span><\/a>\n  <span class=\"name-overlay-responsive\">Casa Portal<\/span>\n<\/div>\t\t<\/div>\n\t\t\t\t<\/div>\n\t\t\t\t\t<\/div>\n\t\t<\/div>\n\t\t\t\t<div class=\"elementor-column elementor-col-50 elementor-top-column elementor-element elementor-element-ce79cef home-container\" data-id=\"ce79cef\" data-element_type=\"column\">\n\t\t\t<div class=\"elementor-widget-wrap elementor-element-populated\">\n\t\t\t\t\t\t<div class=\"elementor-element elementor-element-770ff17 elementor-widget elementor-widget-html\" data-id=\"770ff17\" data-element_type=\"widget\" data-widget_type=\"html.default\">\n\t\t\t\t<div class=\"elementor-widget-container\">\n\t\t\t<div class=\"image-container custom-cursor\">\n  <a href=\"\/es\/proyectos\/vestuarios-escuela-gem\/\"><img decoding=\"async\" src=\"\/wp-content\/uploads\/2025\/06\/NODE-HOME-MMEGS.jpg\" alt=\"Vestuarios Escuela Gem\" class=\"hover-image\">\n  <span class=\"name-overlay\">Vestuarios Escuela Gem<\/span><\/a>\n  <span class=\"name-overlay-responsive\">Vestuarios Escuela Gem<\/span>\n<\/div>\t\t<\/div>\n\t\t\t\t<\/div>\n\t\t\t\t\t<\/div>\n\t\t<\/div>\n\t\t\t\t\t<\/div>\n\t\t<\/section>\n\t\t\t\t<section class=\"elementor-section elementor-top-section elementor-element elementor-element-28175e6 elementor-section-height-full elementor-section-content-middle elementor-section-boxed elementor-section-height-default elementor-section-items-middle\" data-id=\"28175e6\" data-element_type=\"section\" id=\"projectes\">\n\t\t\t\t\t\t<div class=\"elementor-container elementor-column-gap-default\">\n\t\t\t\t\t<div class=\"elementor-column elementor-col-50 elementor-top-column elementor-element elementor-element-cdca3e8 home-container\" data-id=\"cdca3e8\" data-element_type=\"column\">\n\t\t\t<div class=\"elementor-widget-wrap elementor-element-populated\">\n\t\t\t\t\t\t<div class=\"elementor-element elementor-element-a77fa5f elementor-widget elementor-widget-html\" data-id=\"a77fa5f\" data-element_type=\"widget\" data-widget_type=\"html.default\">\n\t\t\t\t<div class=\"elementor-widget-container\">\n\t\t\t<div class=\"image-container custom-cursor\">\n  <a href=\"\/es\/proyectos\/stella-maris\/\"><img decoding=\"async\" src=\"\/wp-content\/uploads\/2025\/02\/StellaMaris-Projectes-Petit.jpg\" alt=\"Stella Maris Petit\" class=\"hover-image\">\n  <span class=\"name-overlay\">Stella Maris<\/span><\/a>\n  <span class=\"name-overlay-responsive\">Stella Maris<\/span>\n<\/div>\t\t<\/div>\n\t\t\t\t<\/div>\n\t\t\t\t\t<\/div>\n\t\t<\/div>\n\t\t\t\t<div class=\"elementor-column elementor-col-50 elementor-top-column elementor-element elementor-element-3dacf3f home-container\" data-id=\"3dacf3f\" data-element_type=\"column\">\n\t\t\t<div class=\"elementor-widget-wrap elementor-element-populated\">\n\t\t\t\t\t\t<div class=\"elementor-element elementor-element-24dcee1 elementor-widget elementor-widget-html\" data-id=\"24dcee1\" data-element_type=\"widget\" data-widget_type=\"html.default\">\n\t\t\t\t<div class=\"elementor-widget-container\">\n\t\t\t<div class=\"image-container custom-cursor\">\n  <a href=\"\/es\/proyectos\/mmegs\"><img decoding=\"async\" src=\"\/wp-content\/uploads\/2025\/01\/NODE-HOME-MMEGS.webp\" alt=\"MMEGS\" class=\"hover-image\">\n  <span class=\"name-overlay\">MMEGS<\/span><\/a>\n  <span class=\"name-overlay-responsive\">MMEGS<\/span>\n<\/div>\t\t<\/div>\n\t\t\t\t<\/div>\n\t\t\t\t\t<\/div>\n\t\t<\/div>\n\t\t\t\t\t<\/div>\n\t\t<\/section>\n\t\t\t\t<section class=\"elementor-section elementor-top-section elementor-element elementor-element-e15e7f4 elementor-section-height-full elementor-section-content-middle elementor-section-boxed elementor-section-height-default elementor-section-items-middle\" data-id=\"e15e7f4\" data-element_type=\"section\">\n\t\t\t\t\t\t<div class=\"elementor-container elementor-column-gap-default\">\n\t\t\t\t\t<div class=\"elementor-column elementor-col-50 elementor-top-column elementor-element elementor-element-fc203c9 home-container\" data-id=\"fc203c9\" data-element_type=\"column\">\n\t\t\t<div class=\"elementor-widget-wrap elementor-element-populated\">\n\t\t\t\t\t\t<div class=\"elementor-element elementor-element-8044de0 elementor-widget elementor-widget-html\" data-id=\"8044de0\" data-element_type=\"widget\" data-widget_type=\"html.default\">\n\t\t\t\t<div class=\"elementor-widget-container\">\n\t\t\t<div class=\"image-container custom-cursor\">\n  <a href=\"\/es\/proyectos\/santema\"><img decoding=\"async\" src=\"\/wp-content\/uploads\/2023\/06\/NODE-HOME-SANTEMA.jpg\" alt=\"Santema\" class=\"hover-image\" >\n  <span class=\"name-overlay\">Santema<\/span><\/a>\n  <span class=\"name-overlay-responsive\">Santema<\/span>\n<\/div>\t\t<\/div>\n\t\t\t\t<\/div>\n\t\t\t\t\t<\/div>\n\t\t<\/div>\n\t\t\t\t<div class=\"elementor-column elementor-col-50 elementor-top-column elementor-element elementor-element-8b6a0b5 home-container\" data-id=\"8b6a0b5\" data-element_type=\"column\">\n\t\t\t<div class=\"elementor-widget-wrap elementor-element-populated\">\n\t\t\t\t\t\t<div class=\"elementor-element elementor-element-efcdce1 elementor-widget elementor-widget-html\" data-id=\"efcdce1\" data-element_type=\"widget\" data-widget_type=\"html.default\">\n\t\t\t\t<div class=\"elementor-widget-container\">\n\t\t\t<div class=\"image-container custom-cursor\">\n  <a href=\"\/es\/proyectos\/museo-romano\"><img decoding=\"async\" src=\"\/wp-content\/uploads\/2023\/06\/Museu-Roma.jpg\" alt=\"Museu Roma\" class=\"hover-image\">\n  <span class=\"name-overlay\">Museo Romano<\/span><\/a>\n  <span class=\"name-overlay-responsive\">Museo Romano<\/span>\n<\/div>\t\t<\/div>\n\t\t\t\t<\/div>\n\t\t\t\t\t<\/div>\n\t\t<\/div>\n\t\t\t\t\t<\/div>\n\t\t<\/section>\n\t\t\t\t<section class=\"elementor-section elementor-top-section elementor-element elementor-element-d00b374 elementor-section-height-full elementor-section-content-middle elementor-section-boxed elementor-section-height-default elementor-section-items-middle\" data-id=\"d00b374\" data-element_type=\"section\">\n\t\t\t\t\t\t<div class=\"elementor-container elementor-column-gap-default\">\n\t\t\t\t\t<div class=\"elementor-column elementor-col-50 elementor-top-column elementor-element elementor-element-58bc9b1 home-container\" data-id=\"58bc9b1\" data-element_type=\"column\">\n\t\t\t<div class=\"elementor-widget-wrap elementor-element-populated\">\n\t\t\t\t\t\t<div class=\"elementor-element elementor-element-9ac4af1 elementor-widget elementor-widget-html\" data-id=\"9ac4af1\" data-element_type=\"widget\" data-widget_type=\"html.default\">\n\t\t\t\t<div class=\"elementor-widget-container\">\n\t\t\t<div class=\"image-container custom-cursor\">\n  <a href=\"\/es\/proyectos\/lola\"><img decoding=\"async\" src=\"\/wp-content\/uploads\/2023\/06\/NODE-HOME-LOLA.jpg\" alt=\"Lola\" class=\"hover-image\">\n  <span class=\"name-overlay\">Lola<\/span><\/a>\n  <span class=\"name-overlay-responsive\">Lola<\/span>\n<\/div>\t\t<\/div>\n\t\t\t\t<\/div>\n\t\t\t\t\t<\/div>\n\t\t<\/div>\n\t\t\t\t<div class=\"elementor-column elementor-col-50 elementor-top-column elementor-element elementor-element-d2580fc home-container\" data-id=\"d2580fc\" data-element_type=\"column\">\n\t\t\t<div class=\"elementor-widget-wrap elementor-element-populated\">\n\t\t\t\t\t\t<div class=\"elementor-element elementor-element-cd01efa elementor-widget elementor-widget-html\" data-id=\"cd01efa\" data-element_type=\"widget\" data-widget_type=\"html.default\">\n\t\t\t\t<div class=\"elementor-widget-container\">\n\t\t\t<div class=\"image-container custom-cursor\">\n  <a href=\"\/es\/proyectos\/gem\/\"><img decoding=\"async\" src=\"\/wp-content\/uploads\/2023\/06\/NODE-HOME-GEM-PETIT.jpg\" alt=\"Gem Petit\" class=\"hover-image\">\n  <span class=\"name-overlay\">Guarder\u00eda Gem<\/span><\/a>\n  <span class=\"name-overlay-responsive\">Guarder\u00eda Gem<\/span>\n<\/div>\t\t<\/div>\n\t\t\t\t<\/div>\n\t\t\t\t\t<\/div>\n\t\t<\/div>\n\t\t\t\t\t<\/div>\n\t\t<\/section>\n\t\t\t\t<section class=\"elementor-section elementor-top-section elementor-element elementor-element-d5d2cd0 elementor-section-height-full elementor-section-content-middle elementor-section-boxed elementor-section-height-default elementor-section-items-middle\" data-id=\"d5d2cd0\" data-element_type=\"section\">\n\t\t\t\t\t\t<div class=\"elementor-container elementor-column-gap-default\">\n\t\t\t\t\t<div class=\"elementor-column elementor-col-50 elementor-top-column elementor-element elementor-element-19430ae home-container\" data-id=\"19430ae\" data-element_type=\"column\">\n\t\t\t<div class=\"elementor-widget-wrap elementor-element-populated\">\n\t\t\t\t\t\t<div class=\"elementor-element elementor-element-ee2e886 elementor-widget elementor-widget-html\" data-id=\"ee2e886\" data-element_type=\"widget\" data-widget_type=\"html.default\">\n\t\t\t\t<div class=\"elementor-widget-container\">\n\t\t\t<div class=\"image-container custom-cursor\">\n  <a href=\"\/es\/proyectos\/sadurni\"><img decoding=\"async\" src=\"\/wp-content\/uploads\/2023\/06\/NODE-HOME-SADURNI.jpg\" alt=\"Sadurn\u00ed\" class=\"hover-image\">\n  <span class=\"name-overlay\">Sadurn\u00ed<\/span><\/a>\n  <span class=\"name-overlay-responsive\">Sadurn\u00ed<\/span>\n<\/div>\t\t<\/div>\n\t\t\t\t<\/div>\n\t\t\t\t\t<\/div>\n\t\t<\/div>\n\t\t\t\t<div class=\"elementor-column elementor-col-50 elementor-top-column elementor-element elementor-element-0202a0d home-container\" data-id=\"0202a0d\" data-element_type=\"column\">\n\t\t\t<div class=\"elementor-widget-wrap elementor-element-populated\">\n\t\t\t\t\t\t<div class=\"elementor-element elementor-element-810e1ee elementor-widget elementor-widget-html\" data-id=\"810e1ee\" data-element_type=\"widget\" data-widget_type=\"html.default\">\n\t\t\t\t<div class=\"elementor-widget-container\">\n\t\t\t<div class=\"image-container custom-cursor\">\n  <a href=\"\/es\/proyectos\/vistamontseny\"><img decoding=\"async\" src=\"\/wp-content\/uploads\/2024\/07\/ORRIUS-PORTADA.jpg\" alt=\"Vistamontseny\" class=\"hover-image\">\n  <span class=\"name-overlay\">Vistamontseny<\/span><\/a>\n  <span class=\"name-overlay-responsive\">Vistamontseny<\/span>\n<\/div>\t\t<\/div>\n\t\t\t\t<\/div>\n\t\t\t\t\t<\/div>\n\t\t<\/div>\n\t\t\t\t\t<\/div>\n\t\t<\/section>\n\t\t\t\t<section class=\"elementor-section elementor-top-section elementor-element elementor-element-6da256a elementor-section-boxed elementor-section-height-default elementor-section-height-default\" data-id=\"6da256a\" data-element_type=\"section\">\n\t\t\t\t\t\t<div class=\"elementor-container elementor-column-gap-default\">\n\t\t\t\t\t<div class=\"elementor-column elementor-col-100 elementor-top-column elementor-element elementor-element-39149d1\" data-id=\"39149d1\" data-element_type=\"column\">\n\t\t\t<div class=\"elementor-widget-wrap\">\n\t\t\t\t\t\t\t<\/div>\n\t\t<\/div>\n\t\t\t\t\t<\/div>\n\t\t<\/section>\n\t\t\t\t<\/div>\n\t\t","protected":false},"excerpt":{"rendered":"<p>PROYECTOS Casa Portal Casa Portal Vestuarios Escuela Gem Vestuarios Escuela Gem Stella Maris Stella Maris MMEGS MMEGS Santema Santema Museo Romano Museo Romano Lola Lola Guarder\u00eda Gem Guarder\u00eda Gem Sadurn\u00ed Sadurn\u00ed Vistamontseny Vistamontseny<\/p>\n","protected":false},"author":1,"featured_media":0,"parent":0,"menu_order":0,"comment_status":"closed","ping_status":"closed","template":"elementor_header_footer","meta":{"footnotes":""},"_links":{"self":[{"href":"https:\/\/nodearquitectura.cat\/es\/wp-json\/wp\/v2\/pages\/2046"}],"collection":[{"href":"https:\/\/nodearquitectura.cat\/es\/wp-json\/wp\/v2\/pages"}],"about":[{"href":"https:\/\/nodearquitectura.cat\/es\/wp-json\/wp\/v2\/types\/page"}],"author":[{"embeddable":true,"href":"https:\/\/nodearquitectura.cat\/es\/wp-json\/wp\/v2\/users\/1"}],"replies":[{"embeddable":true,"href":"https:\/\/nodearquitectura.cat\/es\/wp-json\/wp\/v2\/comments?post=2046"}],"version-history":[{"count":103,"href":"https:\/\/nodearquitectura.cat\/es\/wp-json\/wp\/v2\/pages\/2046\/revisions"}],"predecessor-version":[{"id":3976,"href":"https:\/\/nodearquitectura.cat\/es\/wp-json\/wp\/v2\/pages\/2046\/revisions\/3976"}],"wp:attachment":[{"href":"https:\/\/nodearquitectura.cat\/es\/wp-json\/wp\/v2\/media?parent=2046"}],"curies":[{"name":"wp","href":"https:\/\/api.w.org\/{rel}","templated":true}]}}