{"id":2073,"date":"2023-06-05T11:33:03","date_gmt":"2023-06-05T11:33:03","guid":{"rendered":"https:\/\/nodearquitectura.cat\/estudi\/"},"modified":"2023-06-29T11:41:14","modified_gmt":"2023-06-29T11:41:14","slug":"estudio","status":"publish","type":"page","link":"https:\/\/nodearquitectura.cat\/es\/estudio\/","title":{"rendered":"Estudio"},"content":{"rendered":"\t\t<div data-elementor-type=\"wp-page\" data-elementor-id=\"2073\" class=\"elementor elementor-2073 elementor-155\">\n\t\t\t\t\t\t<section class=\"elementor-section elementor-top-section elementor-element elementor-element-10e2fed elementor-section-full_width elementor-section-height-full elementor-section-items-stretch elementor-section-content-middle elementor-section-stretched elementor-section-height-default\" data-id=\"10e2fed\" data-element_type=\"section\" data-settings=\"{&quot;stretch_section&quot;:&quot;section-stretched&quot;}\">\n\t\t\t\t\t\t<div class=\"elementor-container elementor-column-gap-no\">\n\t\t\t\t\t<div class=\"elementor-column elementor-col-33 elementor-top-column elementor-element elementor-element-56adb55 columna-esquerra\" data-id=\"56adb55\" data-element_type=\"column\">\n\t\t\t<div class=\"elementor-widget-wrap elementor-element-populated\">\n\t\t\t\t\t\t<div class=\"elementor-element elementor-element-a173be8 elementor-hidden-mobile_extra elementor-hidden-mobile elementor-widget elementor-widget-image\" data-id=\"a173be8\" data-element_type=\"widget\" data-widget_type=\"image.default\">\n\t\t\t\t<div class=\"elementor-widget-container\">\n\t\t\t<style>\/*! elementor - v3.21.0 - 08-05-2024 *\/\n.elementor-widget-image{text-align:center}.elementor-widget-image a{display:inline-block}.elementor-widget-image a img[src$=\".svg\"]{width:48px}.elementor-widget-image img{vertical-align:middle;display:inline-block}<\/style>\t\t\t\t\t\t\t\t\t\t\t<a href=\"\/es\/\">\n\t\t\t\t\t\t\t<img fetchpriority=\"high\" decoding=\"async\" width=\"1008\" height=\"586\" src=\"https:\/\/nodearquitectura.cat\/wp-content\/uploads\/2023\/06\/LOGO-NODE-principal.png\" class=\"attachment-full size-full wp-image-707\" alt=\"\" srcset=\"https:\/\/nodearquitectura.cat\/wp-content\/uploads\/2023\/06\/LOGO-NODE-principal.png 1008w, https:\/\/nodearquitectura.cat\/wp-content\/uploads\/2023\/06\/LOGO-NODE-principal-300x174.png 300w, https:\/\/nodearquitectura.cat\/wp-content\/uploads\/2023\/06\/LOGO-NODE-principal-768x446.png 768w\" sizes=\"(max-width: 1008px) 100vw, 1008px\" \/>\t\t\t\t\t\t\t\t<\/a>\n\t\t\t\t\t\t\t\t\t\t\t\t\t<\/div>\n\t\t\t\t<\/div>\n\t\t\t\t<div class=\"elementor-element elementor-element-9961cbb elementor-hidden-desktop elementor-hidden-tablet_extra elementor-hidden-tablet elementor-widget elementor-widget-image\" data-id=\"9961cbb\" data-element_type=\"widget\" data-widget_type=\"image.default\">\n\t\t\t\t<div class=\"elementor-widget-container\">\n\t\t\t\t\t\t\t\t\t\t\t\t\t\t<a href=\"\/es\/\">\n\t\t\t\t\t\t\t<img decoding=\"async\" width=\"79\" height=\"252\" src=\"https:\/\/nodearquitectura.cat\/wp-content\/uploads\/2023\/06\/logo-vertical.png\" class=\"attachment-full size-full wp-image-1602\" alt=\"\" \/>\t\t\t\t\t\t\t\t<\/a>\n\t\t\t\t\t\t\t\t\t\t\t\t\t<\/div>\n\t\t\t\t<\/div>\n\t\t\t\t\t<\/div>\n\t\t<\/div>\n\t\t\t\t<div class=\"elementor-column elementor-col-33 elementor-top-column elementor-element elementor-element-45648c4 estudi-foto-principal\" data-id=\"45648c4\" data-element_type=\"column\" data-settings=\"{&quot;background_background&quot;:&quot;classic&quot;}\">\n\t\t\t<div class=\"elementor-widget-wrap\">\n\t\t\t\t\t\t\t<\/div>\n\t\t<\/div>\n\t\t\t\t<div class=\"elementor-column elementor-col-33 elementor-top-column elementor-element elementor-element-f9aff29\" data-id=\"f9aff29\" data-element_type=\"column\">\n\t\t\t<div class=\"elementor-widget-wrap elementor-element-populated\">\n\t\t\t\t\t\t<div class=\"elementor-element elementor-element-0e5bde8 estudi-titol elementor-widget elementor-widget-heading\" data-id=\"0e5bde8\" data-element_type=\"widget\" data-widget_type=\"heading.default\">\n\t\t\t\t<div class=\"elementor-widget-container\">\n\t\t\t<style>\/*! elementor - v3.21.0 - 08-05-2024 *\/\n.elementor-heading-title{padding:0;margin:0;line-height:1}.elementor-widget-heading .elementor-heading-title[class*=elementor-size-]>a{color:inherit;font-size:inherit;line-height:inherit}.elementor-widget-heading .elementor-heading-title.elementor-size-small{font-size:15px}.elementor-widget-heading .elementor-heading-title.elementor-size-medium{font-size:19px}.elementor-widget-heading .elementor-heading-title.elementor-size-large{font-size:29px}.elementor-widget-heading .elementor-heading-title.elementor-size-xl{font-size:39px}.elementor-widget-heading .elementor-heading-title.elementor-size-xxl{font-size:59px}<\/style><h1 class=\"elementor-heading-title elementor-size-default\">\"El espacio de trabajo es b\u00e1sico para un <br>equilibrio en la concepci\u00f3n del trabajo <br>como fuente de inspiraci\u00f3n\"<\/h1>\t\t<\/div>\n\t\t\t\t<\/div>\n\t\t\t\t<div class=\"elementor-element elementor-element-e312e32 elementor-widget elementor-widget-text-editor\" data-id=\"e312e32\" data-element_type=\"widget\" data-widget_type=\"text-editor.default\">\n\t\t\t\t<div class=\"elementor-widget-container\">\n\t\t\t<style>\/*! elementor - v3.21.0 - 08-05-2024 *\/\n.elementor-widget-text-editor.elementor-drop-cap-view-stacked .elementor-drop-cap{background-color:#69727d;color:#fff}.elementor-widget-text-editor.elementor-drop-cap-view-framed .elementor-drop-cap{color:#69727d;border:3px solid;background-color:transparent}.elementor-widget-text-editor:not(.elementor-drop-cap-view-default) .elementor-drop-cap{margin-top:8px}.elementor-widget-text-editor:not(.elementor-drop-cap-view-default) .elementor-drop-cap-letter{width:1em;height:1em}.elementor-widget-text-editor .elementor-drop-cap{float:left;text-align:center;line-height:1;font-size:50px}.elementor-widget-text-editor .elementor-drop-cap-letter{display:inline-block}<\/style>\t\t\t\t<p>Node Estudi<\/p>\t\t\t\t\t\t<\/div>\n\t\t\t\t<\/div>\n\t\t\t\t\t<\/div>\n\t\t<\/div>\n\t\t\t\t\t<\/div>\n\t\t<\/section>\n\t\t\t\t<section class=\"elementor-section elementor-top-section elementor-element elementor-element-a3d8473 elementor-section-full_width elementor-section-content-middle elementor-section-stretched elementor-hidden-tablet_extra elementor-hidden-tablet elementor-hidden-mobile_extra elementor-hidden-mobile elementor-section-height-default elementor-section-height-default\" data-id=\"a3d8473\" data-element_type=\"section\" data-settings=\"{&quot;stretch_section&quot;:&quot;section-stretched&quot;}\">\n\t\t\t\t\t\t<div class=\"elementor-container elementor-column-gap-no\">\n\t\t\t\t\t<div class=\"elementor-column elementor-col-100 elementor-top-column elementor-element elementor-element-5cf0a63\" data-id=\"5cf0a63\" data-element_type=\"column\">\n\t\t\t<div class=\"elementor-widget-wrap elementor-element-populated\">\n\t\t\t\t\t\t<div class=\"elementor-element elementor-element-ca91153 elementor-widget elementor-widget-image\" data-id=\"ca91153\" data-element_type=\"widget\" data-widget_type=\"image.default\">\n\t\t\t\t<div class=\"elementor-widget-container\">\n\t\t\t\t\t\t\t\t\t\t\t\t\t<img decoding=\"async\" width=\"1637\" height=\"837\" src=\"https:\/\/nodearquitectura.cat\/wp-content\/uploads\/2023\/06\/collage.jpg\" class=\"attachment-full size-full wp-image-1445\" alt=\"\" srcset=\"https:\/\/nodearquitectura.cat\/wp-content\/uploads\/2023\/06\/collage.jpg 1637w, https:\/\/nodearquitectura.cat\/wp-content\/uploads\/2023\/06\/collage-300x153.jpg 300w, https:\/\/nodearquitectura.cat\/wp-content\/uploads\/2023\/06\/collage-1024x524.jpg 1024w, https:\/\/nodearquitectura.cat\/wp-content\/uploads\/2023\/06\/collage-768x393.jpg 768w, https:\/\/nodearquitectura.cat\/wp-content\/uploads\/2023\/06\/collage-1536x785.jpg 1536w\" sizes=\"(max-width: 1637px) 100vw, 1637px\" \/>\t\t\t\t\t\t\t\t\t\t\t\t\t<\/div>\n\t\t\t\t<\/div>\n\t\t\t\t\t<\/div>\n\t\t<\/div>\n\t\t\t\t\t<\/div>\n\t\t<\/section>\n\t\t\t\t<section class=\"elementor-section elementor-top-section elementor-element elementor-element-70502e7 elementor-section-full_width elementor-section-content-middle elementor-section-stretched elementor-hidden-desktop elementor-section-height-default elementor-section-height-default\" data-id=\"70502e7\" data-element_type=\"section\" data-settings=\"{&quot;stretch_section&quot;:&quot;section-stretched&quot;}\">\n\t\t\t\t\t\t<div class=\"elementor-container elementor-column-gap-no\">\n\t\t\t\t\t<div class=\"elementor-column elementor-col-100 elementor-top-column elementor-element elementor-element-7f600ea\" data-id=\"7f600ea\" data-element_type=\"column\">\n\t\t\t<div class=\"elementor-widget-wrap elementor-element-populated\">\n\t\t\t\t\t\t<div class=\"elementor-element elementor-element-d30debc elementor-widget elementor-widget-image\" data-id=\"d30debc\" data-element_type=\"widget\" data-widget_type=\"image.default\">\n\t\t\t\t<div class=\"elementor-widget-container\">\n\t\t\t\t\t\t\t\t\t\t\t\t\t<img loading=\"lazy\" decoding=\"async\" width=\"913\" height=\"812\" src=\"https:\/\/nodearquitectura.cat\/wp-content\/uploads\/2023\/06\/Fotografia-maons.jpg\" class=\"attachment-full size-full wp-image-2700\" alt=\"\" srcset=\"https:\/\/nodearquitectura.cat\/wp-content\/uploads\/2023\/06\/Fotografia-maons.jpg 913w, https:\/\/nodearquitectura.cat\/wp-content\/uploads\/2023\/06\/Fotografia-maons-300x267.jpg 300w, https:\/\/nodearquitectura.cat\/wp-content\/uploads\/2023\/06\/Fotografia-maons-768x683.jpg 768w\" sizes=\"(max-width: 913px) 100vw, 913px\" \/>\t\t\t\t\t\t\t\t\t\t\t\t\t<\/div>\n\t\t\t\t<\/div>\n\t\t\t\t\t<\/div>\n\t\t<\/div>\n\t\t\t\t\t<\/div>\n\t\t<\/section>\n\t\t\t\t<section class=\"elementor-section elementor-top-section elementor-element elementor-element-1a87bb1 elementor-section-full_width elementor-section-content-middle elementor-section-stretched elementor-section-height-default elementor-section-height-default\" data-id=\"1a87bb1\" data-element_type=\"section\" data-settings=\"{&quot;stretch_section&quot;:&quot;section-stretched&quot;}\">\n\t\t\t\t\t\t<div class=\"elementor-container elementor-column-gap-no\">\n\t\t\t\t\t<div class=\"elementor-column elementor-col-50 elementor-top-column elementor-element elementor-element-c1833ae\" data-id=\"c1833ae\" data-element_type=\"column\">\n\t\t\t<div class=\"elementor-widget-wrap elementor-element-populated\">\n\t\t\t\t\t\t<div class=\"elementor-element elementor-element-1a0eba4 elementor-widget elementor-widget-text-editor\" data-id=\"1a0eba4\" data-element_type=\"widget\" data-widget_type=\"text-editor.default\">\n\t\t\t\t<div class=\"elementor-widget-container\">\n\t\t\t\t\t\t\tEn los trabajos de reforma de nuestro estudio hemos abusado conscientemente del uso de los <strong>materiales tradicionales como la madera, la piedra o el ladrillo, combinados con elementos m\u00e1s modernos<\/strong>.\t\t\t\t\t\t<\/div>\n\t\t\t\t<\/div>\n\t\t\t\t\t<\/div>\n\t\t<\/div>\n\t\t\t\t<div class=\"elementor-column elementor-col-50 elementor-top-column elementor-element elementor-element-a8b958c\" data-id=\"a8b958c\" data-element_type=\"column\">\n\t\t\t<div class=\"elementor-widget-wrap elementor-element-populated\">\n\t\t\t\t\t\t<div class=\"elementor-element elementor-element-f20abdb elementor-widget elementor-widget-image\" data-id=\"f20abdb\" data-element_type=\"widget\" data-widget_type=\"image.default\">\n\t\t\t\t<div class=\"elementor-widget-container\">\n\t\t\t\t\t\t\t\t\t\t\t\t\t<img loading=\"lazy\" decoding=\"async\" width=\"680\" height=\"1080\" src=\"https:\/\/nodearquitectura.cat\/wp-content\/uploads\/2023\/06\/NODE-NOSALTRES-4.jpg\" class=\"attachment-full size-full wp-image-589\" alt=\"\" srcset=\"https:\/\/nodearquitectura.cat\/wp-content\/uploads\/2023\/06\/NODE-NOSALTRES-4.jpg 680w, https:\/\/nodearquitectura.cat\/wp-content\/uploads\/2023\/06\/NODE-NOSALTRES-4-189x300.jpg 189w, https:\/\/nodearquitectura.cat\/wp-content\/uploads\/2023\/06\/NODE-NOSALTRES-4-645x1024.jpg 645w\" sizes=\"(max-width: 680px) 100vw, 680px\" \/>\t\t\t\t\t\t\t\t\t\t\t\t\t<\/div>\n\t\t\t\t<\/div>\n\t\t\t\t\t<\/div>\n\t\t<\/div>\n\t\t\t\t\t<\/div>\n\t\t<\/section>\n\t\t\t\t<section class=\"elementor-section elementor-top-section elementor-element elementor-element-4cd3cba elementor-section-full_width elementor-section-content-middle elementor-section-stretched elementor-section-height-default elementor-section-height-default\" data-id=\"4cd3cba\" data-element_type=\"section\" data-settings=\"{&quot;stretch_section&quot;:&quot;section-stretched&quot;}\">\n\t\t\t\t\t\t<div class=\"elementor-container elementor-column-gap-no\">\n\t\t\t\t\t<div class=\"elementor-column elementor-col-100 elementor-top-column elementor-element elementor-element-f65a2b2\" data-id=\"f65a2b2\" data-element_type=\"column\">\n\t\t\t<div class=\"elementor-widget-wrap elementor-element-populated\">\n\t\t\t\t\t\t<div class=\"elementor-element elementor-element-567b48d elementor-widget__width-initial elementor-widget elementor-widget-text-editor\" data-id=\"567b48d\" data-element_type=\"widget\" data-widget_type=\"text-editor.default\">\n\t\t\t\t<div class=\"elementor-widget-container\">\n\t\t\t\t\t\t\tEl uso de materiales locales y la atenci\u00f3n al por menor ha sido una caracter\u00edstica importante en este proyecto.\nEl sitio genera una sensaciones conseguidas con la aplicaci\u00f3n<strong>de una paleta de colores neutros y una iluminaci\u00f3n cuidada<\/strong> y dise\u00f1ada para resaltar la belleza y simplicidad del nuevo espacio.\t\t\t\t\t\t<\/div>\n\t\t\t\t<\/div>\n\t\t\t\t<section class=\"elementor-section elementor-inner-section elementor-element elementor-element-b397aac elementor-section-full_width elementor-section-height-default elementor-section-height-default\" data-id=\"b397aac\" data-element_type=\"section\">\n\t\t\t\t\t\t<div class=\"elementor-container elementor-column-gap-default\">\n\t\t\t\t\t<div class=\"elementor-column elementor-col-50 elementor-inner-column elementor-element elementor-element-da58715\" data-id=\"da58715\" data-element_type=\"column\">\n\t\t\t<div class=\"elementor-widget-wrap elementor-element-populated\">\n\t\t\t\t\t\t<div class=\"elementor-element elementor-element-e24bc90 elementor-widget elementor-widget-image\" data-id=\"e24bc90\" data-element_type=\"widget\" data-widget_type=\"image.default\">\n\t\t\t\t<div class=\"elementor-widget-container\">\n\t\t\t\t\t\t\t\t\t\t\t\t\t<img loading=\"lazy\" decoding=\"async\" width=\"1500\" height=\"1016\" src=\"https:\/\/nodearquitectura.cat\/wp-content\/uploads\/2023\/06\/Lestudi-node-1.jpg\" class=\"attachment-full size-full wp-image-1466\" alt=\"\" srcset=\"https:\/\/nodearquitectura.cat\/wp-content\/uploads\/2023\/06\/Lestudi-node-1.jpg 1500w, https:\/\/nodearquitectura.cat\/wp-content\/uploads\/2023\/06\/Lestudi-node-1-300x203.jpg 300w, https:\/\/nodearquitectura.cat\/wp-content\/uploads\/2023\/06\/Lestudi-node-1-1024x694.jpg 1024w, https:\/\/nodearquitectura.cat\/wp-content\/uploads\/2023\/06\/Lestudi-node-1-768x520.jpg 768w\" sizes=\"(max-width: 1500px) 100vw, 1500px\" \/>\t\t\t\t\t\t\t\t\t\t\t\t\t<\/div>\n\t\t\t\t<\/div>\n\t\t\t\t\t<\/div>\n\t\t<\/div>\n\t\t\t\t<div class=\"elementor-column elementor-col-50 elementor-inner-column elementor-element elementor-element-68a298a\" data-id=\"68a298a\" data-element_type=\"column\">\n\t\t\t<div class=\"elementor-widget-wrap elementor-element-populated\">\n\t\t\t\t\t\t<div class=\"elementor-element elementor-element-cfd59f6 elementor-widget elementor-widget-image\" data-id=\"cfd59f6\" data-element_type=\"widget\" data-widget_type=\"image.default\">\n\t\t\t\t<div class=\"elementor-widget-container\">\n\t\t\t\t\t\t\t\t\t\t\t\t\t<img loading=\"lazy\" decoding=\"async\" width=\"1500\" height=\"1016\" src=\"https:\/\/nodearquitectura.cat\/wp-content\/uploads\/2023\/06\/lestudi-node.jpg\" class=\"attachment-full size-full wp-image-1468\" alt=\"\" srcset=\"https:\/\/nodearquitectura.cat\/wp-content\/uploads\/2023\/06\/lestudi-node.jpg 1500w, https:\/\/nodearquitectura.cat\/wp-content\/uploads\/2023\/06\/lestudi-node-300x203.jpg 300w, https:\/\/nodearquitectura.cat\/wp-content\/uploads\/2023\/06\/lestudi-node-1024x694.jpg 1024w, https:\/\/nodearquitectura.cat\/wp-content\/uploads\/2023\/06\/lestudi-node-768x520.jpg 768w\" sizes=\"(max-width: 1500px) 100vw, 1500px\" \/>\t\t\t\t\t\t\t\t\t\t\t\t\t<\/div>\n\t\t\t\t<\/div>\n\t\t\t\t\t<\/div>\n\t\t<\/div>\n\t\t\t\t\t<\/div>\n\t\t<\/section>\n\t\t\t\t\t<\/div>\n\t\t<\/div>\n\t\t\t\t\t<\/div>\n\t\t<\/section>\n\t\t\t\t<section class=\"elementor-section elementor-top-section elementor-element elementor-element-9909c33 elementor-section-full_width elementor-section-content-middle elementor-section-stretched elementor-section-height-default elementor-section-height-default\" data-id=\"9909c33\" data-element_type=\"section\" data-settings=\"{&quot;stretch_section&quot;:&quot;section-stretched&quot;}\">\n\t\t\t\t\t\t<div class=\"elementor-container elementor-column-gap-no\">\n\t\t\t\t\t<div class=\"elementor-column elementor-col-50 elementor-top-column elementor-element elementor-element-64812df\" data-id=\"64812df\" data-element_type=\"column\">\n\t\t\t<div class=\"elementor-widget-wrap elementor-element-populated\">\n\t\t\t\t\t\t<div class=\"elementor-element elementor-element-83cc11f elementor-widget elementor-widget-text-editor\" data-id=\"83cc11f\" data-element_type=\"widget\" data-widget_type=\"text-editor.default\">\n\t\t\t\t<div class=\"elementor-widget-container\">\n\t\t\t\t\t\t\tNos inspiramos en <strong>el estilo minimalista y la atenci\u00f3n al detalle para crear espacios que fomenten la serenidad y la contemplaci\u00f3n.<\/strong>\t\t\t\t\t\t<\/div>\n\t\t\t\t<\/div>\n\t\t\t\t\t<\/div>\n\t\t<\/div>\n\t\t\t\t<div class=\"elementor-column elementor-col-50 elementor-top-column elementor-element elementor-element-353fe57\" data-id=\"353fe57\" data-element_type=\"column\">\n\t\t\t<div class=\"elementor-widget-wrap elementor-element-populated\">\n\t\t\t\t\t\t<div class=\"elementor-element elementor-element-a8fa7a6 elementor-widget elementor-widget-image\" data-id=\"a8fa7a6\" data-element_type=\"widget\" data-widget_type=\"image.default\">\n\t\t\t\t<div class=\"elementor-widget-container\">\n\t\t\t\t\t\t\t\t\t\t\t\t\t<img loading=\"lazy\" decoding=\"async\" width=\"1500\" height=\"1080\" src=\"https:\/\/nodearquitectura.cat\/wp-content\/uploads\/2023\/06\/NODE-Lestudi-2-1.jpg\" class=\"attachment-full size-full wp-image-1451\" alt=\"\" srcset=\"https:\/\/nodearquitectura.cat\/wp-content\/uploads\/2023\/06\/NODE-Lestudi-2-1.jpg 1500w, https:\/\/nodearquitectura.cat\/wp-content\/uploads\/2023\/06\/NODE-Lestudi-2-1-300x216.jpg 300w, https:\/\/nodearquitectura.cat\/wp-content\/uploads\/2023\/06\/NODE-Lestudi-2-1-1024x737.jpg 1024w, https:\/\/nodearquitectura.cat\/wp-content\/uploads\/2023\/06\/NODE-Lestudi-2-1-768x553.jpg 768w\" sizes=\"(max-width: 1500px) 100vw, 1500px\" \/>\t\t\t\t\t\t\t\t\t\t\t\t\t<\/div>\n\t\t\t\t<\/div>\n\t\t\t\t\t<\/div>\n\t\t<\/div>\n\t\t\t\t\t<\/div>\n\t\t<\/section>\n\t\t\t\t<section class=\"elementor-section elementor-top-section elementor-element elementor-element-c0b1233 elementor-section-full_width elementor-section-content-middle elementor-section-stretched elementor-section-height-default elementor-section-height-default\" data-id=\"c0b1233\" data-element_type=\"section\" data-settings=\"{&quot;stretch_section&quot;:&quot;section-stretched&quot;}\">\n\t\t\t\t\t\t<div class=\"elementor-container elementor-column-gap-no\">\n\t\t\t\t\t<div class=\"elementor-column elementor-col-50 elementor-top-column elementor-element elementor-element-9e8a490\" data-id=\"9e8a490\" data-element_type=\"column\">\n\t\t\t<div class=\"elementor-widget-wrap elementor-element-populated\">\n\t\t\t\t\t\t<div class=\"elementor-element elementor-element-5d288b5 elementor-widget elementor-widget-image\" data-id=\"5d288b5\" data-element_type=\"widget\" data-widget_type=\"image.default\">\n\t\t\t\t<div class=\"elementor-widget-container\">\n\t\t\t\t\t\t\t\t\t\t\t\t\t<img loading=\"lazy\" decoding=\"async\" width=\"1024\" height=\"1536\" src=\"https:\/\/nodearquitectura.cat\/wp-content\/uploads\/2023\/06\/Node-estudi-entrada.jpg\" class=\"attachment-full size-full wp-image-1455\" alt=\"\" srcset=\"https:\/\/nodearquitectura.cat\/wp-content\/uploads\/2023\/06\/Node-estudi-entrada.jpg 1024w, https:\/\/nodearquitectura.cat\/wp-content\/uploads\/2023\/06\/Node-estudi-entrada-200x300.jpg 200w, https:\/\/nodearquitectura.cat\/wp-content\/uploads\/2023\/06\/Node-estudi-entrada-683x1024.jpg 683w, https:\/\/nodearquitectura.cat\/wp-content\/uploads\/2023\/06\/Node-estudi-entrada-768x1152.jpg 768w\" sizes=\"(max-width: 1024px) 100vw, 1024px\" \/>\t\t\t\t\t\t\t\t\t\t\t\t\t<\/div>\n\t\t\t\t<\/div>\n\t\t\t\t\t<\/div>\n\t\t<\/div>\n\t\t\t\t<div class=\"elementor-column elementor-col-50 elementor-top-column elementor-element elementor-element-225d696\" data-id=\"225d696\" data-element_type=\"column\">\n\t\t\t<div class=\"elementor-widget-wrap elementor-element-populated\">\n\t\t\t\t\t\t<div class=\"elementor-element elementor-element-3d21158 elementor-widget elementor-widget-text-editor\" data-id=\"3d21158\" data-element_type=\"widget\" data-widget_type=\"text-editor.default\">\n\t\t\t\t<div class=\"elementor-widget-container\">\n\t\t\t\t\t\t\tNos centramos en la <strong>creaci\u00f3n de dise\u00f1os atemporales y duraderos<\/strong> que se integren armoniosamente en su entorno y que resalten la belleza natural de los materiales que utilizamos.\t\t\t\t\t\t<\/div>\n\t\t\t\t<\/div>\n\t\t\t\t\t<\/div>\n\t\t<\/div>\n\t\t\t\t\t<\/div>\n\t\t<\/section>\n\t\t\t\t<\/div>\n\t\t","protected":false},"excerpt":{"rendered":"<p>\u00abEl espacio de trabajo es b\u00e1sico para un equilibrio en la concepci\u00f3n del trabajo como fuente de inspiraci\u00f3n\u00bb Node Estudi En los trabajos de reforma de nuestro estudio hemos abusado conscientemente del uso de los materiales tradicionales como la madera, la piedra o el ladrillo, combinados con elementos m\u00e1s modernos. El uso de materiales locales &#8230; <a title=\"Estudio\" class=\"read-more\" href=\"https:\/\/nodearquitectura.cat\/es\/estudio\/\" aria-label=\"More on Estudio\">Leer m\u00e1s<\/a><\/p>\n","protected":false},"author":1,"featured_media":0,"parent":0,"menu_order":0,"comment_status":"closed","ping_status":"closed","template":"elementor_header_footer","meta":{"footnotes":""},"_links":{"self":[{"href":"https:\/\/nodearquitectura.cat\/es\/wp-json\/wp\/v2\/pages\/2073"}],"collection":[{"href":"https:\/\/nodearquitectura.cat\/es\/wp-json\/wp\/v2\/pages"}],"about":[{"href":"https:\/\/nodearquitectura.cat\/es\/wp-json\/wp\/v2\/types\/page"}],"author":[{"embeddable":true,"href":"https:\/\/nodearquitectura.cat\/es\/wp-json\/wp\/v2\/users\/1"}],"replies":[{"embeddable":true,"href":"https:\/\/nodearquitectura.cat\/es\/wp-json\/wp\/v2\/comments?post=2073"}],"version-history":[{"count":25,"href":"https:\/\/nodearquitectura.cat\/es\/wp-json\/wp\/v2\/pages\/2073\/revisions"}],"predecessor-version":[{"id":2738,"href":"https:\/\/nodearquitectura.cat\/es\/wp-json\/wp\/v2\/pages\/2073\/revisions\/2738"}],"wp:attachment":[{"href":"https:\/\/nodearquitectura.cat\/es\/wp-json\/wp\/v2\/media?parent=2073"}],"curies":[{"name":"wp","href":"https:\/\/api.w.org\/{rel}","templated":true}]}}