{"id":3419,"date":"2025-02-25T08:22:43","date_gmt":"2025-02-25T08:22:43","guid":{"rendered":"https:\/\/nodearquitectura.cat\/?page_id=3419"},"modified":"2025-02-28T08:43:21","modified_gmt":"2025-02-28T08:43:21","slug":"stella-maris","status":"publish","type":"page","link":"https:\/\/nodearquitectura.cat\/es\/proyectos\/stella-maris\/","title":{"rendered":"Stella Maris"},"content":{"rendered":"\t\t<div data-elementor-type=\"wp-page\" data-elementor-id=\"3419\" class=\"elementor elementor-3419 elementor-3418\">\n\t\t\t\t\t\t<section class=\"elementor-section elementor-top-section elementor-element elementor-element-f3bb3d3 elementor-section-full_width elementor-section-height-full elementor-section-items-stretch elementor-section-content-middle elementor-section-stretched elementor-reverse-mobile row-projectes elementor-reverse-tablet elementor-reverse-mobile_extra elementor-section-height-default\" data-id=\"f3bb3d3\" data-element_type=\"section\" data-settings=\"{&quot;stretch_section&quot;:&quot;section-stretched&quot;}\">\n\t\t\t\t\t\t<div class=\"elementor-container elementor-column-gap-no\">\n\t\t\t\t\t<div class=\"elementor-column elementor-col-50 elementor-top-column elementor-element elementor-element-620a264 columna-esquerra columna-esquerra-projectes\" data-id=\"620a264\" data-element_type=\"column\">\n\t\t\t<div class=\"elementor-widget-wrap elementor-element-populated\">\n\t\t\t\t\t\t<div class=\"elementor-element elementor-element-d30a4c5 elementor-hidden-tablet elementor-hidden-mobile_extra elementor-hidden-mobile elementor-widget elementor-widget-image\" data-id=\"d30a4c5\" data-element_type=\"widget\" data-widget_type=\"image.default\">\n\t\t\t\t<div class=\"elementor-widget-container\">\n\t\t\t<style>\/*! elementor - v3.21.0 - 08-05-2024 *\/\n.elementor-widget-image{text-align:center}.elementor-widget-image a{display:inline-block}.elementor-widget-image a img[src$=\".svg\"]{width:48px}.elementor-widget-image img{vertical-align:middle;display:inline-block}<\/style>\t\t\t\t\t\t\t\t\t\t\t<a href=\"\/es\/\">\n\t\t\t\t\t\t\t<img fetchpriority=\"high\" decoding=\"async\" width=\"1008\" height=\"586\" src=\"https:\/\/nodearquitectura.cat\/wp-content\/uploads\/2023\/06\/LOGO-NODE-principal.png\" class=\"attachment-full size-full wp-image-707\" alt=\"\" srcset=\"https:\/\/nodearquitectura.cat\/wp-content\/uploads\/2023\/06\/LOGO-NODE-principal.png 1008w, https:\/\/nodearquitectura.cat\/wp-content\/uploads\/2023\/06\/LOGO-NODE-principal-300x174.png 300w, https:\/\/nodearquitectura.cat\/wp-content\/uploads\/2023\/06\/LOGO-NODE-principal-768x446.png 768w\" sizes=\"(max-width: 1008px) 100vw, 1008px\" \/>\t\t\t\t\t\t\t\t<\/a>\n\t\t\t\t\t\t\t\t\t\t\t\t\t<\/div>\n\t\t\t\t<\/div>\n\t\t\t\t<section class=\"elementor-section elementor-inner-section elementor-element elementor-element-4861009 elementor-section-boxed elementor-section-height-default elementor-section-height-default\" data-id=\"4861009\" data-element_type=\"section\">\n\t\t\t\t\t\t<div class=\"elementor-container elementor-column-gap-default\">\n\t\t\t\t\t<div class=\"elementor-column elementor-col-100 elementor-inner-column elementor-element elementor-element-c2f1526\" data-id=\"c2f1526\" data-element_type=\"column\">\n\t\t\t<div class=\"elementor-widget-wrap elementor-element-populated\">\n\t\t\t\t\t\t<div class=\"elementor-element elementor-element-ba93e39 elementor-widget elementor-widget-heading\" data-id=\"ba93e39\" data-element_type=\"widget\" data-widget_type=\"heading.default\">\n\t\t\t\t<div class=\"elementor-widget-container\">\n\t\t\t<style>\/*! elementor - v3.21.0 - 08-05-2024 *\/\n.elementor-heading-title{padding:0;margin:0;line-height:1}.elementor-widget-heading .elementor-heading-title[class*=elementor-size-]>a{color:inherit;font-size:inherit;line-height:inherit}.elementor-widget-heading .elementor-heading-title.elementor-size-small{font-size:15px}.elementor-widget-heading .elementor-heading-title.elementor-size-medium{font-size:19px}.elementor-widget-heading .elementor-heading-title.elementor-size-large{font-size:29px}.elementor-widget-heading .elementor-heading-title.elementor-size-xl{font-size:39px}.elementor-widget-heading .elementor-heading-title.elementor-size-xxl{font-size:59px}<\/style><h1 class=\"elementor-heading-title elementor-size-default\">Rehabilitaci\u00f3n de un Palacete Neocl\u00e1sico en Arenys de Mar<\/h1>\t\t<\/div>\n\t\t\t\t<\/div>\n\t\t\t\t<div class=\"elementor-element elementor-element-8042c7f elementor-widget elementor-widget-text-editor\" data-id=\"8042c7f\" data-element_type=\"widget\" data-widget_type=\"text-editor.default\">\n\t\t\t\t<div class=\"elementor-widget-container\">\n\t\t\t<style>\/*! elementor - v3.21.0 - 08-05-2024 *\/\n.elementor-widget-text-editor.elementor-drop-cap-view-stacked .elementor-drop-cap{background-color:#69727d;color:#fff}.elementor-widget-text-editor.elementor-drop-cap-view-framed .elementor-drop-cap{color:#69727d;border:3px solid;background-color:transparent}.elementor-widget-text-editor:not(.elementor-drop-cap-view-default) .elementor-drop-cap{margin-top:8px}.elementor-widget-text-editor:not(.elementor-drop-cap-view-default) .elementor-drop-cap-letter{width:1em;height:1em}.elementor-widget-text-editor .elementor-drop-cap{float:left;text-align:center;line-height:1;font-size:50px}.elementor-widget-text-editor .elementor-drop-cap-letter{display:inline-block}<\/style>\t\t\t\t<p>Un edificio hist\u00f3rico transformado en un hogar adaptado para personas con autismo. El proyecto ha creado espacios abiertos, luminosos y accesibles, manteniendo la esencia arquitect\u00f3nica y mejorando el confort.<\/p>\t\t\t\t\t\t<\/div>\n\t\t\t\t<\/div>\n\t\t\t\t<div class=\"elementor-element elementor-element-500c25d elementor-widget elementor-widget-text-editor\" data-id=\"500c25d\" data-element_type=\"widget\" data-widget_type=\"text-editor.default\">\n\t\t\t\t<div class=\"elementor-widget-container\">\n\t\t\t\t\t\t\t<p>Destaca el uso de materiales c\u00e1lidos, luz natural y una distribuci\u00f3n fluida que favorece la movilidad. Adem\u00e1s, incorpora mejoras en eficiencia energ\u00e9tica para garantizar un ambiente acogedor y sostenible.<\/p>\t\t\t\t\t\t<\/div>\n\t\t\t\t<\/div>\n\t\t\t\t\t<\/div>\n\t\t<\/div>\n\t\t\t\t\t<\/div>\n\t\t<\/section>\n\t\t\t\t\t<\/div>\n\t\t<\/div>\n\t\t\t\t<div class=\"elementor-column elementor-col-50 elementor-top-column elementor-element elementor-element-7ee18ac\" data-id=\"7ee18ac\" data-element_type=\"column\">\n\t\t\t<div class=\"elementor-widget-wrap elementor-element-populated\">\n\t\t\t\t\t\t<div class=\"elementor-element elementor-element-603d13e elementor-hidden-desktop elementor-hidden-tablet_extra elementor-widget elementor-widget-image\" data-id=\"603d13e\" data-element_type=\"widget\" data-widget_type=\"image.default\">\n\t\t\t\t<div class=\"elementor-widget-container\">\n\t\t\t\t\t\t\t\t\t\t\t\t\t\t<a href=\"\/es\/\">\n\t\t\t\t\t\t\t<img decoding=\"async\" width=\"79\" height=\"41\" src=\"https:\/\/nodearquitectura.cat\/wp-content\/uploads\/2023\/06\/logo-node.png\" class=\"attachment-full size-full wp-image-2419\" alt=\"\" \/>\t\t\t\t\t\t\t\t<\/a>\n\t\t\t\t\t\t\t\t\t\t\t\t\t<\/div>\n\t\t\t\t<\/div>\n\t\t\t\t<div class=\"elementor-element elementor-element-3ad8e5f elementor-widget elementor-widget-html\" data-id=\"3ad8e5f\" data-element_type=\"widget\" data-widget_type=\"html.default\">\n\t\t\t\t<div class=\"elementor-widget-container\">\n\t\t\t<div class=\"swiper-container\">\n    <div class=\"swiper-wrapper\">\n        <div class=\"swiper-slide\">\n            <img decoding=\"async\" src=\"\/wp-content\/uploads\/2025\/02\/StellaMaris-1-es.jpg\" alt=\"Portada Stella Maris\">\n        <\/div>\n        <div class=\"swiper-slide\">\n            <img decoding=\"async\" src=\"\/wp-content\/uploads\/2025\/02\/StellaMaris-2.jpg\" alt=\"Stella Maris\">\n        <\/div>\n        <div class=\"swiper-slide\">\n            <img decoding=\"async\" src=\"\/wp-content\/uploads\/2025\/02\/StellaMaris-3.jpg\" alt=\"Stella Maris\">\n        <\/div>\n        <div class=\"swiper-slide\">\n            <img decoding=\"async\" src=\"\/wp-content\/uploads\/2025\/02\/StellaMaris-4.jpg\" alt=\"Stella Maris\">\n        <\/div>\n        <div class=\"swiper-slide\">\n            <img decoding=\"async\" src=\"\/wp-content\/uploads\/2025\/02\/StellaMaris-5.jpg\" alt=\"Stella Maris\">\n        <\/div>\n        <div class=\"swiper-slide\">\n            <img decoding=\"async\" src=\"\/wp-content\/uploads\/2025\/02\/StellaMaris-6-es-3.jpg\" alt=\"Stella Maris\">\n        <\/div>\n        <div class=\"swiper-slide\">\n            <img decoding=\"async\" src=\"\/wp-content\/uploads\/2025\/02\/StellaMaris-7.jpg\" alt=\"Stella Maris\">\n        <\/div>\n        <div class=\"swiper-slide\">\n            <img decoding=\"async\" src=\"\/wp-content\/uploads\/2025\/02\/StellaMaris-8.jpg\" alt=\"Stella Maris\">\n        <\/div>\n        <div class=\"swiper-slide\">\n            <img decoding=\"async\" src=\"\/wp-content\/uploads\/2025\/02\/StellaMaris-9.jpg\" alt=\"Stella Maris\">\n        <\/div>\n        <div class=\"swiper-slide\">\n            <img decoding=\"async\" src=\"\/wp-content\/uploads\/2025\/02\/StellaMaris-10.jpg\" alt=\"Stella Maris\">\n        <\/div>\n        <div class=\"swiper-slide\">\n            <img decoding=\"async\" src=\"\/wp-content\/uploads\/2025\/02\/StellaMaris-11.jpg\" alt=\"Stella Maris\">\n        <\/div>\n        <div class=\"swiper-slide\">\n            <img decoding=\"async\" src=\"\/wp-content\/uploads\/2025\/02\/StellaMaris-12-es.jpg\" alt=\"Stella Maris\">\n        <\/div>\n        <div class=\"swiper-slide\">\n            <img decoding=\"async\" src=\"\/wp-content\/uploads\/2025\/02\/StellaMaris-13.jpg\" alt=\"Stella Maris\">\n        <\/div>\n        <div class=\"swiper-slide\">\n            <img decoding=\"async\" src=\"\/wp-content\/uploads\/2025\/02\/StellaMaris-14.png\" alt=\"Stella Maris\">\n        <\/div>\n        <div class=\"swiper-slide\">\n            <img decoding=\"async\" src=\"\/wp-content\/uploads\/2025\/02\/StellaMaris-14.png\" alt=\"Stella Maris\">\n        <\/div>\n    <\/div>\n    <div class=\"swiper-button-next\"><\/div>\n    <div class=\"swiper-button-prev\"><\/div>\n<\/div>\n\t\t<\/div>\n\t\t\t\t<\/div>\n\t\t\t\t\t<\/div>\n\t\t<\/div>\n\t\t\t\t\t<\/div>\n\t\t<\/section>\n\t\t\t\t<section class=\"elementor-section elementor-top-section elementor-element elementor-element-30db85f8 elementor-section-full_width elementor-section-height-default elementor-section-height-default\" data-id=\"30db85f8\" data-element_type=\"section\">\n\t\t\t\t\t\t<div class=\"elementor-container elementor-column-gap-default\">\n\t\t\t\t\t<div class=\"elementor-column elementor-col-100 elementor-top-column elementor-element elementor-element-a9c608e\" data-id=\"a9c608e\" data-element_type=\"column\">\n\t\t\t<div class=\"elementor-widget-wrap elementor-element-populated\">\n\t\t\t\t\t\t<div class=\"elementor-element elementor-element-708156e5 elementor-widget-divider--view-line elementor-widget elementor-widget-divider\" data-id=\"708156e5\" data-element_type=\"widget\" data-widget_type=\"divider.default\">\n\t\t\t\t<div class=\"elementor-widget-container\">\n\t\t\t<style>\/*! elementor - v3.21.0 - 08-05-2024 *\/\n.elementor-widget-divider{--divider-border-style:none;--divider-border-width:1px;--divider-color:#0c0d0e;--divider-icon-size:20px;--divider-element-spacing:10px;--divider-pattern-height:24px;--divider-pattern-size:20px;--divider-pattern-url:none;--divider-pattern-repeat:repeat-x}.elementor-widget-divider .elementor-divider{display:flex}.elementor-widget-divider .elementor-divider__text{font-size:15px;line-height:1;max-width:95%}.elementor-widget-divider .elementor-divider__element{margin:0 var(--divider-element-spacing);flex-shrink:0}.elementor-widget-divider .elementor-icon{font-size:var(--divider-icon-size)}.elementor-widget-divider .elementor-divider-separator{display:flex;margin:0;direction:ltr}.elementor-widget-divider--view-line_icon .elementor-divider-separator,.elementor-widget-divider--view-line_text .elementor-divider-separator{align-items:center}.elementor-widget-divider--view-line_icon .elementor-divider-separator:after,.elementor-widget-divider--view-line_icon .elementor-divider-separator:before,.elementor-widget-divider--view-line_text .elementor-divider-separator:after,.elementor-widget-divider--view-line_text .elementor-divider-separator:before{display:block;content:\"\";border-block-end:0;flex-grow:1;border-block-start:var(--divider-border-width) var(--divider-border-style) var(--divider-color)}.elementor-widget-divider--element-align-left .elementor-divider .elementor-divider-separator>.elementor-divider__svg:first-of-type{flex-grow:0;flex-shrink:100}.elementor-widget-divider--element-align-left .elementor-divider-separator:before{content:none}.elementor-widget-divider--element-align-left .elementor-divider__element{margin-left:0}.elementor-widget-divider--element-align-right .elementor-divider .elementor-divider-separator>.elementor-divider__svg:last-of-type{flex-grow:0;flex-shrink:100}.elementor-widget-divider--element-align-right .elementor-divider-separator:after{content:none}.elementor-widget-divider--element-align-right .elementor-divider__element{margin-right:0}.elementor-widget-divider--element-align-start .elementor-divider .elementor-divider-separator>.elementor-divider__svg:first-of-type{flex-grow:0;flex-shrink:100}.elementor-widget-divider--element-align-start .elementor-divider-separator:before{content:none}.elementor-widget-divider--element-align-start .elementor-divider__element{margin-inline-start:0}.elementor-widget-divider--element-align-end .elementor-divider .elementor-divider-separator>.elementor-divider__svg:last-of-type{flex-grow:0;flex-shrink:100}.elementor-widget-divider--element-align-end .elementor-divider-separator:after{content:none}.elementor-widget-divider--element-align-end .elementor-divider__element{margin-inline-end:0}.elementor-widget-divider:not(.elementor-widget-divider--view-line_text):not(.elementor-widget-divider--view-line_icon) .elementor-divider-separator{border-block-start:var(--divider-border-width) var(--divider-border-style) var(--divider-color)}.elementor-widget-divider--separator-type-pattern{--divider-border-style:none}.elementor-widget-divider--separator-type-pattern.elementor-widget-divider--view-line .elementor-divider-separator,.elementor-widget-divider--separator-type-pattern:not(.elementor-widget-divider--view-line) .elementor-divider-separator:after,.elementor-widget-divider--separator-type-pattern:not(.elementor-widget-divider--view-line) .elementor-divider-separator:before,.elementor-widget-divider--separator-type-pattern:not([class*=elementor-widget-divider--view]) .elementor-divider-separator{width:100%;min-height:var(--divider-pattern-height);-webkit-mask-size:var(--divider-pattern-size) 100%;mask-size:var(--divider-pattern-size) 100%;-webkit-mask-repeat:var(--divider-pattern-repeat);mask-repeat:var(--divider-pattern-repeat);background-color:var(--divider-color);-webkit-mask-image:var(--divider-pattern-url);mask-image:var(--divider-pattern-url)}.elementor-widget-divider--no-spacing{--divider-pattern-size:auto}.elementor-widget-divider--bg-round{--divider-pattern-repeat:round}.rtl .elementor-widget-divider .elementor-divider__text{direction:rtl}.e-con-inner>.elementor-widget-divider,.e-con>.elementor-widget-divider{width:var(--container-widget-width,100%);--flex-grow:var(--container-widget-flex-grow)}<\/style>\t\t<div class=\"elementor-divider\">\n\t\t\t<span class=\"elementor-divider-separator\">\n\t\t\t\t\t\t<\/span>\n\t\t<\/div>\n\t\t\t\t<\/div>\n\t\t\t\t<\/div>\n\t\t\t\t<div class=\"elementor-element elementor-element-2f4d33df elementor-widget elementor-widget-text-editor\" data-id=\"2f4d33df\" data-element_type=\"widget\" data-widget_type=\"text-editor.default\">\n\t\t\t\t<div class=\"elementor-widget-container\">\n\t\t\t\t\t\t\tM\u00e1s proyectos de Node\t\t\t\t\t\t<\/div>\n\t\t\t\t<\/div>\n\t\t\t\t<div class=\"elementor-element elementor-element-6f17a2c4 carrousel-projectes elementor-widget elementor-widget-advanced-carousel\" data-id=\"6f17a2c4\" data-element_type=\"widget\" data-widget_type=\"advanced-carousel.default\">\n\t\t\t\t<div class=\"elementor-widget-container\">\n\t\t\t\r\n\t\t<!--====== HTML CODING START ========-->\r\n\r\n\t\t<section class=\"tm-slider slider  default-tdt\" id=\"tdt-slider-402\" data-mobiles=\"1\" data-tabs=\"2\" data-slick='{\"arrows\": false, \"autoplaySpeed\": 2500, \"dots\": false, \"autoplay\": true, \"infinite\": true, \"adaptiveHeight\": true, \"pauseOnHover\": false, \"slidesToShow\": 3, \"slidesToScroll\": 1, \"fade\": false, \"touchThreshold\": 5}'>\r\n\t\t\t\t\t\t\t  <div>\r\n\t\t\t\t  \t\t\t\t\t  \t\t<a href=\"\/es\/proyectos\/santema\"  class=\"\">\r\n\t\t\t\t\t\t\t\t\t\t\t\t\t\t\t\t\t\t\t\t\t<span class=\"ultimate-slide-img\" style=\"max-width: 100%; border-radius: ; margin-bottom: 15px;\">\r\n\t\t\t\t\t  \t\t<img decoding=\"async\" width=\"1364\" height=\"909\" src=\"https:\/\/nodearquitectura.cat\/wp-content\/uploads\/2023\/06\/NODE-SANTEMA-PORTADA.jpg\" class=\"attachment-full size-full wp-image-609\" alt=\"\" srcset=\"https:\/\/nodearquitectura.cat\/wp-content\/uploads\/2023\/06\/NODE-SANTEMA-PORTADA.jpg 1364w, https:\/\/nodearquitectura.cat\/wp-content\/uploads\/2023\/06\/NODE-SANTEMA-PORTADA-300x200.jpg 300w, https:\/\/nodearquitectura.cat\/wp-content\/uploads\/2023\/06\/NODE-SANTEMA-PORTADA-1024x682.jpg 1024w, https:\/\/nodearquitectura.cat\/wp-content\/uploads\/2023\/06\/NODE-SANTEMA-PORTADA-768x512.jpg 768w\" sizes=\"(max-width: 1364px) 100vw, 1364px\" \/>\t\t\t\t\t\t<\/span>\r\n\t\t\t\t\t\t\r\n\t\t\t\t\t\t<\/a>\r\n\t\t\t\t  \t<span class=\"content-section\">\r\n\t\t\t\t\t  \t<p style=\"text-align: center;\">Santema<\/p><br>\r\n\r\n\t\t\t\t\t  \t\t\t\t\t\t  \t<p>&nbsp;<\/p>\r\n\t\t\t\t  \t<\/span>\r\n\t\t\t\t  <\/div>\r\n\t\t\t\t\t\t\t  <div>\r\n\t\t\t\t  \t\t\t\t\t  \t\t<a href=\"\/es\/proyectos\/museo-romano\"  class=\"\">\r\n\t\t\t\t\t\t\t\t\t\t\t\t\t\t\t\t\t\t\t\t\t<span class=\"ultimate-slide-img\" style=\"max-width: 100%; border-radius: ; margin-bottom: 15px;\">\r\n\t\t\t\t\t  \t\t<img loading=\"lazy\" decoding=\"async\" width=\"1364\" height=\"909\" src=\"https:\/\/nodearquitectura.cat\/wp-content\/uploads\/2023\/06\/PROYECTO-ROMA.jpg\" class=\"attachment-full size-full wp-image-1302\" alt=\"\" srcset=\"https:\/\/nodearquitectura.cat\/wp-content\/uploads\/2023\/06\/PROYECTO-ROMA.jpg 1364w, https:\/\/nodearquitectura.cat\/wp-content\/uploads\/2023\/06\/PROYECTO-ROMA-300x200.jpg 300w, https:\/\/nodearquitectura.cat\/wp-content\/uploads\/2023\/06\/PROYECTO-ROMA-1024x682.jpg 1024w, https:\/\/nodearquitectura.cat\/wp-content\/uploads\/2023\/06\/PROYECTO-ROMA-768x512.jpg 768w\" sizes=\"(max-width: 1364px) 100vw, 1364px\" \/>\t\t\t\t\t\t<\/span>\r\n\t\t\t\t\t\t\r\n\t\t\t\t\t\t<\/a>\r\n\t\t\t\t  \t<span class=\"content-section\">\r\n\t\t\t\t\t  \t<p style=\"text-align: center;\">Museo Romano<\/p><br>\r\n\r\n\t\t\t\t\t  \t\t\t\t\t\t  \t<p>&nbsp;<\/p>\r\n\t\t\t\t  \t<\/span>\r\n\t\t\t\t  <\/div>\r\n\t\t\t\t\t\t\t  <div>\r\n\t\t\t\t  \t\t\t\t\t  \t\t<a href=\"\/es\/proyectos\/lola\"  class=\"\">\r\n\t\t\t\t\t\t\t\t\t\t\t\t\t\t\t\t\t\t\t\t\t<span class=\"ultimate-slide-img\" style=\"max-width: 100%; border-radius: ; margin-bottom: 15px;\">\r\n\t\t\t\t\t  \t\t<img loading=\"lazy\" decoding=\"async\" width=\"1364\" height=\"909\" src=\"https:\/\/nodearquitectura.cat\/wp-content\/uploads\/2023\/06\/NODE-LOLA-PORTADA.jpg\" class=\"attachment-full size-full wp-image-601\" alt=\"\" srcset=\"https:\/\/nodearquitectura.cat\/wp-content\/uploads\/2023\/06\/NODE-LOLA-PORTADA.jpg 1364w, https:\/\/nodearquitectura.cat\/wp-content\/uploads\/2023\/06\/NODE-LOLA-PORTADA-300x200.jpg 300w, https:\/\/nodearquitectura.cat\/wp-content\/uploads\/2023\/06\/NODE-LOLA-PORTADA-1024x682.jpg 1024w, https:\/\/nodearquitectura.cat\/wp-content\/uploads\/2023\/06\/NODE-LOLA-PORTADA-768x512.jpg 768w\" sizes=\"(max-width: 1364px) 100vw, 1364px\" \/>\t\t\t\t\t\t<\/span>\r\n\t\t\t\t\t\t\r\n\t\t\t\t\t\t<\/a>\r\n\t\t\t\t  \t<span class=\"content-section\">\r\n\t\t\t\t\t  \t<p style=\"text-align: center;\">Lola<\/p><br>\r\n\r\n\t\t\t\t\t  \t\t\t\t\t\t  \t<p>&nbsp;<\/p>\r\n\t\t\t\t  \t<\/span>\r\n\t\t\t\t  <\/div>\r\n\t\t\t\t\t\t\t  <div>\r\n\t\t\t\t  \t\t\t\t\t  \t\t<a href=\"\/es\/proyectos\/sadurni\"  class=\"\">\r\n\t\t\t\t\t\t\t\t\t\t\t\t\t\t\t\t\t\t\t\t\t<span class=\"ultimate-slide-img\" style=\"max-width: 100%; border-radius: ; margin-bottom: 15px;\">\r\n\t\t\t\t\t  \t\t<img loading=\"lazy\" decoding=\"async\" width=\"1364\" height=\"909\" src=\"https:\/\/nodearquitectura.cat\/wp-content\/uploads\/2023\/06\/NODE-SADURNI-PORTADA.jpg\" class=\"attachment-full size-full wp-image-607\" alt=\"\" srcset=\"https:\/\/nodearquitectura.cat\/wp-content\/uploads\/2023\/06\/NODE-SADURNI-PORTADA.jpg 1364w, https:\/\/nodearquitectura.cat\/wp-content\/uploads\/2023\/06\/NODE-SADURNI-PORTADA-300x200.jpg 300w, https:\/\/nodearquitectura.cat\/wp-content\/uploads\/2023\/06\/NODE-SADURNI-PORTADA-1024x682.jpg 1024w, https:\/\/nodearquitectura.cat\/wp-content\/uploads\/2023\/06\/NODE-SADURNI-PORTADA-768x512.jpg 768w\" sizes=\"(max-width: 1364px) 100vw, 1364px\" \/>\t\t\t\t\t\t<\/span>\r\n\t\t\t\t\t\t\r\n\t\t\t\t\t\t<\/a>\r\n\t\t\t\t  \t<span class=\"content-section\">\r\n\t\t\t\t\t  \t<p style=\"text-align: center;\">Sadurn\u00ed<\/p><br>\r\n\r\n\t\t\t\t\t  \t\t\t\t\t\t  \t<p>&nbsp;<\/p>\r\n\t\t\t\t  \t<\/span>\r\n\t\t\t\t  <\/div>\r\n\t\t\t\t\t\t\t  <div>\r\n\t\t\t\t  \t\t\t\t\t  \t\t<a href=\"\/es\/proyectos\/vistamontseny\"  class=\"\">\r\n\t\t\t\t\t\t\t\t\t\t\t\t\t\t\t\t\t\t\t\t\t<span class=\"ultimate-slide-img\" style=\"max-width: 100%; border-radius: ; margin-bottom: 15px;\">\r\n\t\t\t\t\t  \t\t<img loading=\"lazy\" decoding=\"async\" width=\"1364\" height=\"909\" src=\"https:\/\/nodearquitectura.cat\/wp-content\/uploads\/2023\/06\/NODE-ORRIUS-PORTADA-1.png\" class=\"attachment-full size-full wp-image-326\" alt=\"\" srcset=\"https:\/\/nodearquitectura.cat\/wp-content\/uploads\/2023\/06\/NODE-ORRIUS-PORTADA-1.png 1364w, https:\/\/nodearquitectura.cat\/wp-content\/uploads\/2023\/06\/NODE-ORRIUS-PORTADA-1-300x200.png 300w, https:\/\/nodearquitectura.cat\/wp-content\/uploads\/2023\/06\/NODE-ORRIUS-PORTADA-1-1024x682.png 1024w, https:\/\/nodearquitectura.cat\/wp-content\/uploads\/2023\/06\/NODE-ORRIUS-PORTADA-1-768x512.png 768w\" sizes=\"(max-width: 1364px) 100vw, 1364px\" \/>\t\t\t\t\t\t<\/span>\r\n\t\t\t\t\t\t\r\n\t\t\t\t\t\t<\/a>\r\n\t\t\t\t  \t<span class=\"content-section\">\r\n\t\t\t\t\t  \t<p style=\"text-align: center;\">Vistamontseny<\/p><br>\r\n\r\n\t\t\t\t\t  \t\t\t\t\t\t  \t<p>&nbsp;<\/p>\r\n\t\t\t\t  \t<\/span>\r\n\t\t\t\t  <\/div>\r\n\t\t\t\t\t\t\t  <div>\r\n\t\t\t\t  \t\t\t\t\t  \t\t<a href=\"\/es\/proyectos\/mmegs\"  class=\"\">\r\n\t\t\t\t\t\t\t\t\t\t\t\t\t\t\t\t\t\t\t\t\t<span class=\"ultimate-slide-img\" style=\"max-width: 100%; border-radius: ; margin-bottom: 15px;\">\r\n\t\t\t\t\t  \t\t<img loading=\"lazy\" decoding=\"async\" width=\"2560\" height=\"1706\" src=\"https:\/\/nodearquitectura.cat\/wp-content\/uploads\/2025\/01\/primera-mmegs-01-scaled.jpg\" class=\"attachment-full size-full wp-image-3286\" alt=\"\" srcset=\"https:\/\/nodearquitectura.cat\/wp-content\/uploads\/2025\/01\/primera-mmegs-01-scaled.jpg 2560w, https:\/\/nodearquitectura.cat\/wp-content\/uploads\/2025\/01\/primera-mmegs-01-300x200.jpg 300w, https:\/\/nodearquitectura.cat\/wp-content\/uploads\/2025\/01\/primera-mmegs-01-1024x682.jpg 1024w, https:\/\/nodearquitectura.cat\/wp-content\/uploads\/2025\/01\/primera-mmegs-01-768x512.jpg 768w, https:\/\/nodearquitectura.cat\/wp-content\/uploads\/2025\/01\/primera-mmegs-01-1536x1024.jpg 1536w, https:\/\/nodearquitectura.cat\/wp-content\/uploads\/2025\/01\/primera-mmegs-01-2048x1365.jpg 2048w\" sizes=\"(max-width: 2560px) 100vw, 2560px\" \/>\t\t\t\t\t\t<\/span>\r\n\t\t\t\t\t\t\r\n\t\t\t\t\t\t<\/a>\r\n\t\t\t\t  \t<span class=\"content-section\">\r\n\t\t\t\t\t  \t<p style=\"text-align: center;\">MMEGS<\/p><br>\r\n\r\n\t\t\t\t\t  \t\t\t\t\t\t  \t<p>&nbsp;<\/p>\r\n\t\t\t\t  \t<\/span>\r\n\t\t\t\t  <\/div>\r\n\t\t\t\t\t<\/section>\r\n\r\n\t\t<style>\r\n\t\t\t#tdt-slider-402 .slick-prev {\r\n\t\t\t\tleft: px !important;\r\n\t\t\t}\r\n\t\t\t#tdt-slider-402 .slick-next {\r\n\t\t\t\tright: px !important;\r\n\t\t\t}\r\n\t\t\t#tdt-slider-402.content-over-slider .slick-slide .content-section {\r\n\t\t\t\ttop: %;\r\n\t\t\t}\r\n\t\t\t@media only screen and (max-width: 480px) {\r\n\t\t\t\t#tdt-slider-402.content-over-slider .slick-slide .content-section {\r\n\t\t\t\t\ttop: 35px !important;\r\n\t\t\t\t}\r\n\t\t\t\t#tdt-slider-402.content-over-slider .ultimate-slide-img img{\r\n\t\t\t\t\theight: px !important;\r\n\t\t\t\t\tobject-fit: cover;\r\n\t\t\t\t}\r\n\t\t\t\t#tdt-slider-402 .slick-prev, #tdt-slider-402 .slick-next {\r\n\t\t\t\t\tdisplay: block !important;\r\n\t\t\t\t}\r\n\t\t\t}\r\n\t\t<\/style>\r\n\r\n\t\t\t\t<\/div>\n\t\t\t\t<\/div>\n\t\t\t\t\t<\/div>\n\t\t<\/div>\n\t\t\t\t\t<\/div>\n\t\t<\/section>\n\t\t\t\t<\/div>\n\t\t","protected":false},"excerpt":{"rendered":"<p>Rehabilitaci\u00f3n de un Palacete Neocl\u00e1sico en Arenys de Mar Un edificio hist\u00f3rico transformado en un hogar adaptado para personas con autismo. El proyecto ha creado espacios abiertos, luminosos y accesibles, manteniendo la esencia arquitect\u00f3nica y mejorando el confort. Destaca el uso de materiales c\u00e1lidos, luz natural y una distribuci\u00f3n fluida que favorece la movilidad. Adem\u00e1s, &#8230; <a title=\"Stella Maris\" class=\"read-more\" href=\"https:\/\/nodearquitectura.cat\/es\/proyectos\/stella-maris\/\" aria-label=\"More on Stella Maris\">Leer m\u00e1s<\/a><\/p>\n","protected":false},"author":6,"featured_media":0,"parent":2046,"menu_order":0,"comment_status":"closed","ping_status":"closed","template":"elementor_header_footer","meta":{"footnotes":""},"_links":{"self":[{"href":"https:\/\/nodearquitectura.cat\/es\/wp-json\/wp\/v2\/pages\/3419"}],"collection":[{"href":"https:\/\/nodearquitectura.cat\/es\/wp-json\/wp\/v2\/pages"}],"about":[{"href":"https:\/\/nodearquitectura.cat\/es\/wp-json\/wp\/v2\/types\/page"}],"author":[{"embeddable":true,"href":"https:\/\/nodearquitectura.cat\/es\/wp-json\/wp\/v2\/users\/6"}],"replies":[{"embeddable":true,"href":"https:\/\/nodearquitectura.cat\/es\/wp-json\/wp\/v2\/comments?post=3419"}],"version-history":[{"count":17,"href":"https:\/\/nodearquitectura.cat\/es\/wp-json\/wp\/v2\/pages\/3419\/revisions"}],"predecessor-version":[{"id":3777,"href":"https:\/\/nodearquitectura.cat\/es\/wp-json\/wp\/v2\/pages\/3419\/revisions\/3777"}],"up":[{"embeddable":true,"href":"https:\/\/nodearquitectura.cat\/es\/wp-json\/wp\/v2\/pages\/2046"}],"wp:attachment":[{"href":"https:\/\/nodearquitectura.cat\/es\/wp-json\/wp\/v2\/media?parent=3419"}],"curies":[{"name":"wp","href":"https:\/\/api.w.org\/{rel}","templated":true}]}}